{"id":16,"date":"2012-11-02T11:13:12","date_gmt":"2012-11-02T10:13:12","guid":{"rendered":"http:\/\/www.diafin.ch\/site\/?page_id=16"},"modified":"2013-08-14T13:40:18","modified_gmt":"2013-08-14T12:40:18","slug":"valeurs","status":"publish","type":"page","link":"https:\/\/www.diafin.ch\/site\/valeurs\/","title":{"rendered":"Valeurs"},"content":{"rendered":"<div class=\"one_half\">\n<h1>Travailler dans le respect des pierres<\/h1>\n<p><span class=\"dropcap1\">C<\/span>hez les diamantaires, la confiance n\u2019est pas un vain mot. Diafin a acquis cette derni\u00e8re au fil des ann\u00e9es, dans un univers professionnel et commercial o\u00f9 les rapports humains et l\u2019exp\u00e9rience personnelle priment sur l\u2019argent et les grands noms. La Direction 2013 entend persister dans cette voie et travailler dans le respect de cette valeur fondamentale. <\/p>\n<p>Les pierres pr\u00e9cieuses, qui plus est les diamants, ne sont pas des mat\u00e9riaux ordinaires. Diafin souhaite transmettre \u00e0 ses clients comme au grand public, son grand respect pour cette mati\u00e8re noble et sa puret\u00e9. Porter un regard d\u2019expert sur la perfection du diamant, acquise de mani\u00e8re naturelle au fil des mill\u00e9naires, permet \u00e0 tous ceux qui travaillent ces pierres d\u2019en exalter la beaut\u00e9, dans des produits finis de grande qualit\u00e9. Si le diamant incarne l\u2019immortalit\u00e9 \u00e0 l\u2019\u00e9tat naturel, il est mis en valeur, capable de susciter l\u2019\u00e9motion, par la cr\u00e9ativit\u00e9 et la grande habilet\u00e9 du g\u00e9nie humain. <\/p>\n<\/div>\n<div class=\"one_half last\">\n<h3>Un accompagnement personnalis\u00e9<\/h3>\n<p>Tous les diamants propos\u00e9s par Diafin suivent la charte du \u00ab\u00a0<a href=\"https:\/\/www.diafin.ch\/site\/ethique\/\" title=\"Ethique\">Processus de Kimberley<\/a>\u00a0\u00bb, une \u00e9thique fondamentale pour l\u2019entreprise. <\/p>\n<p>Savoir \u00e9couter et accompagner le client sont autant de services que Diafin est \u00e0 m\u00eame d\u2019offrir. Quels que soient votre domaine de comp\u00e9tence et la taille de votre entreprise, vous aurez un interlocuteur de choix, et la garantie d\u2019acqu\u00e9rir des produits de grande qualit\u00e9, choisis pour vous par des experts, dans le respect d\u2019une \u00e9thique rigoureuse.<\/p>\n<p><img decoding=\"async\" src=\"https:\/\/www.diafin.ch\/site\/wp-content\/themes\/natural\/lib\/timthumb.php?src=https:\/\/www.diafin.ch\/site\/wp-content\/uploads\/2012\/11\/mini_diamant1.png&amp;w=180&amp;h=118&amp;zc=1\" alt=\"\" class=\"img aligncenter\" \/>\n<\/div>\n<br class=\"clear\" \/>\n<div class=\"one_third\">\n<div class=\"info_box info_box2 rounded\">\n<div class=\"content_box\">\n<p><h2 align=center>Passion<\/h2>\n<p>Acheter et vendre des diamants n\u2019est pas un commerce banal. Diafin con\u00e7oit son travail dans le respect de ce noble mat\u00e9riau et des hommes qui ont su et sauront exalter sa beaut\u00e9. Son m\u00e9tier est de vous fournir la pierre de votre choix, qui saura magnifier votre produit et transmettre une \u00e9motion.<\/p>\n<\/div>\n<\/div>\n<\/div>\n<div class=\"one_third\">\n<div class=\"info_box info_box2 rounded\">\n<div class=\"content_box\">\n<p><h2 align=center>Ethique<\/h2>\n<p>Diafin ne vend que des pierres taill\u00e9es dont l\u2019origine respecte la charte du <a href=\"https:\/\/www.diafin.ch\/site\/ethique\/\" title=\"Ethique\">Processus de Kimberley<\/a>. <\/p>\n<p>Les diamants sont par ailleurs expertis\u00e9s dans <a href=\"https:\/\/www.diafin.ch\/site\/certifications\/\" title=\"Certifications\">deux laboratoires de renom<\/a>, qui certifient leur poids, puret\u00e9, couleur et qualit\u00e9 de la taille.<\/p>\n<\/div>\n<\/div>\n<\/div>\n<div class=\"one_third last\">\n<div class=\"info_box info_box2 rounded\">\n<div class=\"content_box\">\n<p><h2 align=center>Exp\u00e9rience<\/h2>\n<p>Diafin travaille depuis 1992 dans le commerce de diamants, partenaire des plus grandes marques d\u2019horlogerie et joaillerie suisses. Elle s\u2019appuie donc sur un r\u00e9seau solide acquis au fil de ces 20 ann\u00e9es.\n<\/p>\n<\/div>\n<\/div>\n<\/div>\n<br class=\"clear\" \/>\n","protected":false},"excerpt":{"rendered":"","protected":false},"author":1,"featured_media":286,"parent":0,"menu_order":0,"comment_status":"open","ping_status":"open","template":"page.php","meta":{"footnotes":""},"class_list":["post-16","page","type-page","status-publish","has-post-thumbnail","hentry"],"_links":{"self":[{"href":"https:\/\/www.diafin.ch\/site\/wp-json\/wp\/v2\/pages\/16","targetHints":{"allow":["GET"]}}],"collection":[{"href":"https:\/\/www.diafin.ch\/site\/wp-json\/wp\/v2\/pages"}],"about":[{"href":"https:\/\/www.diafin.ch\/site\/wp-json\/wp\/v2\/types\/page"}],"author":[{"embeddable":true,"href":"https:\/\/www.diafin.ch\/site\/wp-json\/wp\/v2\/users\/1"}],"replies":[{"embeddable":true,"href":"https:\/\/www.diafin.ch\/site\/wp-json\/wp\/v2\/comments?post=16"}],"version-history":[{"count":33,"href":"https:\/\/www.diafin.ch\/site\/wp-json\/wp\/v2\/pages\/16\/revisions"}],"predecessor-version":[{"id":623,"href":"https:\/\/www.diafin.ch\/site\/wp-json\/wp\/v2\/pages\/16\/revisions\/623"}],"wp:featuredmedia":[{"embeddable":true,"href":"https:\/\/www.diafin.ch\/site\/wp-json\/wp\/v2\/media\/286"}],"wp:attachment":[{"href":"https:\/\/www.diafin.ch\/site\/wp-json\/wp\/v2\/media?parent=16"}],"curies":[{"name":"wp","href":"https:\/\/api.w.org\/{rel}","templated":true}]}}