{"id":20,"date":"2012-11-02T11:19:30","date_gmt":"2012-11-02T10:19:30","guid":{"rendered":"http:\/\/www.diafin.ch\/site\/?page_id=20"},"modified":"2023-05-02T09:15:50","modified_gmt":"2023-05-02T08:15:50","slug":"contact","status":"publish","type":"page","link":"https:\/\/www.diafin.ch\/site\/contact\/","title":{"rendered":"Contact"},"content":{"rendered":"<div class=\"one_half\">\n<h5>DIAFIN<\/h5>\n<p>Rue de la Serre 66<br \/>\n2300 La Chaux-de-Fonds<br \/>\nSuisse<\/p>\n<p>T\u00e9l.: +41(0)32 913 5274<br \/>\nFax: +41(0)32 913 5275<\/p>\n<h1><\/h1>\n<h1>N\u2019h\u00e9sitez pas \u00e0 nous contacter<\/h1>\n<p>Vous travaillez pour une marque d\u2019horlogerie, de joaillerie\u00a0? Vous \u00eates bijoutier, joaillier ind\u00e9pendant\u00a0?<br \/>\nVous \u00eates cr\u00e9ateur et rencontrez un probl\u00e8me technique particulier\u00a0?<br \/>\nVous avez des questions concernant le commerce des diamants\u00a0?<br \/>\nNotre \u00e9quipe est \u00e0 votre disposition pour y r\u00e9pondre ou vous accompagner dans votre achat de mani\u00e8re personnalis\u00e9e.\n<\/p><\/div>\n<div class=\"one_half last\">\n<h4 class=\"fancy-header\"><span>Situation<\/span><\/h4>\n<p><iframe loading=\"lazy\" class=\"fluid-gmap\" width=\"450\" height=\"560\" frameborder=\"0\" scrolling=\"no\" marginheight=\"0\" marginwidth=\"0\" src=\"https:\/\/maps.google.com\/maps?q=Rue+de+la+Serre+66,+2300+La+Chaux-de-Fonds,+Suisse&amp;hl=fr&amp;ie=UTF8&amp;sll=47.1000071,6.8235393,1&amp;sspn=3.680543,5.328369&amp;oq=Rue+de+la+Serre+66+2&amp;t=h&amp;hnear=Rue+de+la+Serre+66,+2300+La+Chaux-de-Fonds,+Suisse&amp;z=17&amp;iwloc=A&amp;output=embed\"><\/iframe><\/p>\n<script type=\"text\/javascript\">\njQuery(document).ready(function() { jQuery(\"body\").fitVids({customSelector: \".fluid-gmap\"}); jQuery(\".fluid-gmap\").css(\"height\", \"\"); });\n<\/script><\/div>\n<br class=\"clear\" \/>\n<div class=\"wpcf7 no-js\" id=\"wpcf7-f59-o1\" lang=\"\" dir=\"ltr\" data-wpcf7-id=\"59\">\n<div class=\"screen-reader-response\">\n<p role=\"status\" aria-live=\"polite\" aria-atomic=\"true\">\n<ul><\/ul>\n<\/div>\n<form action=\"\/site\/wp-json\/wp\/v2\/pages\/20#wpcf7-f59-o1\" method=\"post\" class=\"wpcf7-form init\" aria-label=\"Formulaire de contact\" novalidate=\"novalidate\" data-status=\"init\">\n<fieldset class=\"hidden-fields-container\"><input type=\"hidden\" name=\"_wpcf7\" value=\"59\" \/><input type=\"hidden\" name=\"_wpcf7_version\" value=\"6.1.5\" \/><input type=\"hidden\" name=\"_wpcf7_locale\" value=\"\" \/><input type=\"hidden\" name=\"_wpcf7_unit_tag\" value=\"wpcf7-f59-o1\" \/><input type=\"hidden\" name=\"_wpcf7_container_post\" value=\"0\" \/><input type=\"hidden\" name=\"_wpcf7_posted_data_hash\" value=\"\" \/><br \/>\n<\/fieldset>\n<div class=\"one_half\">\n<p><span class=\"wpcf7-form-control-wrap\" data-name=\"Salutations\"><select class=\"wpcf7-form-control wpcf7-select\" aria-invalid=\"false\" name=\"Salutations\"><option value=\"Monsieur\">Monsieur<\/option><option value=\"Madame\">Madame<\/option><\/select><\/span>\n<\/p>\n<p><span class=\"wpcf7-form-control-wrap\" data-name=\"prenom\"><input size=\"40\" maxlength=\"400\" class=\"wpcf7-form-control wpcf7-text wpcf7-validates-as-required\" aria-required=\"true\" aria-invalid=\"false\" placeholder=\"Pr\u00e9nom (obligatoire)\" value=\"\" type=\"text\" name=\"prenom\" \/><\/span>\n<\/p>\n<p><span class=\"wpcf7-form-control-wrap\" data-name=\"your-name\"><input size=\"40\" maxlength=\"400\" class=\"wpcf7-form-control wpcf7-text wpcf7-validates-as-required\" aria-required=\"true\" aria-invalid=\"false\" placeholder=\"Nom (obligatoire)\" value=\"\" type=\"text\" name=\"your-name\" \/><\/span>\n<\/p>\n<p><span class=\"wpcf7-form-control-wrap\" data-name=\"societe\"><input size=\"40\" maxlength=\"400\" class=\"wpcf7-form-control wpcf7-text\" aria-invalid=\"false\" placeholder=\"Soci\u00e9t\u00e9\" value=\"\" type=\"text\" name=\"societe\" \/><\/span>\n<\/p>\n<p><span class=\"wpcf7-form-control-wrap\" data-name=\"adresse1\"><input size=\"40\" maxlength=\"400\" class=\"wpcf7-form-control wpcf7-text\" aria-invalid=\"false\" placeholder=\"Adresse\" value=\"\" type=\"text\" name=\"adresse1\" \/><\/span>\n<\/p>\n<p><span class=\"wpcf7-form-control-wrap\" data-name=\"Numropostal\"><input size=\"40\" maxlength=\"400\" class=\"wpcf7-form-control wpcf7-text\" aria-invalid=\"false\" placeholder=\"Code postal, ville\" value=\"\" type=\"text\" name=\"Numropostal\" \/><\/span>\n<\/p>\n<p><span class=\"wpcf7-form-control-wrap\" data-name=\"Pays\"><select class=\"wpcf7-form-control wpcf7-select\" aria-invalid=\"false\" name=\"Pays\"><option value=\"S\u00e9lectionnez votre pays\">S\u00e9lectionnez votre pays<\/option><option value=\"Afghanistan\">Afghanistan<\/option><option value=\"Afrique_Centrale\">Afrique_Centrale<\/option><option value=\"Afrique_du_Sud\">Afrique_du_Sud<\/option><option value=\"Albanie\">Albanie<\/option><option value=\"Alg\u00e9rie\">Alg\u00e9rie<\/option><option value=\"Allemagne\">Allemagne<\/option><option value=\"Andorre\">Andorre<\/option><option value=\"Angola\">Angola<\/option><option value=\"Anguilla\">Anguilla<\/option><option value=\"Arabie_Saoudite\">Arabie_Saoudite<\/option><option value=\"Argentine\">Argentine<\/option><option value=\"Arm\u00e9nie\">Arm\u00e9nie<\/option><option value=\"Australie\">Australie<\/option><option value=\"Autriche\">Autriche<\/option><option value=\"Azerbaidjan\">Azerbaidjan<\/option><option value=\"Bahamas\">Bahamas<\/option><option value=\"Bangladesh\">Bangladesh<\/option><option value=\"Barbade\">Barbade<\/option><option value=\"Bahrein\">Bahrein<\/option><option value=\"Belgique\">Belgique<\/option><option value=\"Belize\">Belize<\/option><option value=\"Benin\">Benin<\/option><option value=\"Bermudes\">Bermudes<\/option><option value=\"Bielorussie\">Bielorussie<\/option><option value=\"Bolivie\">Bolivie<\/option><option value=\"Botswana\">Botswana<\/option><option value=\"Bhoutan\">Bhoutan<\/option><option value=\"Boznie Herzegovine\">Boznie Herzegovine<\/option><option value=\"Bresil\">Bresil<\/option><option value=\"Brunei\">Brunei<\/option><option value=\"Bulgarie\">Bulgarie<\/option><option value=\"Nurkina Faso\">Nurkina Faso<\/option><option value=\"Burundi\">Burundi<\/option><option value=\"Caiman\">Caiman<\/option><option value=\"Cambodge\">Cambodge<\/option><option value=\"Cameroun\">Cameroun<\/option><option value=\"Canada\">Canada<\/option><option value=\"Canaries\">Canaries<\/option><option value=\"Cap_Vert\">Cap_Vert<\/option><option value=\"Chili\">Chili<\/option><option value=\"Chine\">Chine<\/option><option value=\"Chypre\">Chypre<\/option><option value=\"Colombie\">Colombie<\/option><option value=\"Colombie\">Colombie<\/option><option value=\"Congo\">Congo<\/option><option value=\"Congo d\u00e9mocratique\">Congo d\u00e9mocratique<\/option><option value=\"Cook\">Cook<\/option><option value=\"Cor\u00e9e du Nord\">Cor\u00e9e du Nord<\/option><option value=\"Cor\u00e9e du Sud\">Cor\u00e9e du Sud<\/option><option value=\"Costa Rica\">Costa Rica<\/option><option value=\"C\u00f4te d&#039;Ivoire\">C\u00f4te d&#039;Ivoire<\/option><option value=\"Croatie\">Croatie<\/option><option value=\"Cuba\">Cuba<\/option><option value=\"Danemark\">Danemark<\/option><option value=\"Djibouti\">Djibouti<\/option><option value=\"Dominique\">Dominique<\/option><option value=\"Egypte\">Egypte<\/option><option value=\"Emirats Arabes Unis\">Emirats Arabes Unis<\/option><option value=\"Equateur\">Equateur<\/option><option value=\"Erythr\u00e9e\">Erythr\u00e9e<\/option><option value=\"Espagne\">Espagne<\/option><option value=\"Estonie\">Estonie<\/option><option value=\"Etats-Unis\">Etats-Unis<\/option><option value=\"Ethiopie\">Ethiopie<\/option><option value=\"Falkland\">Falkland<\/option><option value=\"Feroe\">Feroe<\/option><option value=\"Fidji\">Fidji<\/option><option value=\"Finlande\">Finlande<\/option><option value=\"France\">France<\/option><option value=\"Gabon\">Gabon<\/option><option value=\"Gambie\">Gambie<\/option><option value=\"Georgie\">Georgie<\/option><option value=\"Ghana\">Ghana<\/option><option value=\"Gibraltar\">Gibraltar<\/option><option value=\"Gr\u00e8ce\">Gr\u00e8ce<\/option><option value=\"Grenade\">Grenade<\/option><option value=\"Groenland\">Groenland<\/option><option value=\"Guadeloupe\">Guadeloupe<\/option><option value=\"Guam\">Guam<\/option><option value=\"Guatemala\">Guatemala<\/option><option value=\"Guernesey\">Guernesey<\/option><option value=\"Guin\u00e9e\">Guin\u00e9e<\/option><option value=\"Guinee Bissau\">Guinee Bissau<\/option><option value=\"Guin\u00e9e Equatoriale\">Guin\u00e9e Equatoriale<\/option><option value=\"Guyana\">Guyana<\/option><option value=\"Guyane Fran\u00e7aise\">Guyane Fran\u00e7aise<\/option><option value=\"Haiti\">Haiti<\/option><option value=\"Hawaii\">Hawaii<\/option><option value=\"Honduras\">Honduras<\/option><option value=\"Hong Kong\">Hong Kong<\/option><option value=\"Hongrie\">Hongrie<\/option><option value=\"Inde\">Inde<\/option><option value=\"Indon\u00e9sie\">Indon\u00e9sie<\/option><option value=\"Iran\">Iran<\/option><option value=\"Iraq\">Iraq<\/option><option value=\"Irlande\">Irlande<\/option><option value=\"Islande\">Islande<\/option><option value=\"Isra\u00ebl\">Isra\u00ebl<\/option><option value=\"Italie\">Italie<\/option><option value=\"Jama\u00efque\">Jama\u00efque<\/option><option value=\"Jan Mayen\">Jan Mayen<\/option><option value=\"Japon\">Japon<\/option><option value=\"Jersey\">Jersey<\/option><option value=\"Jordanie\">Jordanie<\/option><option value=\"Kazakhstan\">Kazakhstan<\/option><option value=\"Kenya\">Kenya<\/option><option value=\"Kirghizistan\">Kirghizistan<\/option><option value=\"Kiribati\">Kiribati<\/option><option value=\"Koweit\">Koweit<\/option><option value=\"Laos\">Laos<\/option><option value=\"Lesotho\">Lesotho<\/option><option value=\"Lettonie\">Lettonie<\/option><option value=\"Liban\">Liban<\/option><option value=\"Liberia\">Liberia<\/option><option value=\"Liechtenstein\">Liechtenstein<\/option><option value=\"Lituanie\">Lituanie<\/option><option value=\"Luxembourg\">Luxembourg<\/option><option value=\"Lybie\">Lybie<\/option><option value=\"Macao\">Macao<\/option><option value=\"Mac\u00e9doine\">Mac\u00e9doine<\/option><option value=\"Madagascar\">Madagascar<\/option><option value=\"Mad\u00e8re\">Mad\u00e8re<\/option><option value=\"Malaisie\">Malaisie<\/option><option value=\"Malawi\">Malawi<\/option><option value=\"Maldives\">Maldives<\/option><option value=\"Mali\">Mali<\/option><option value=\"Malte\">Malte<\/option><option value=\"Man\">Man<\/option><option value=\"Mariannes du Nord\">Mariannes du Nord<\/option><option value=\"Maroc\">Maroc<\/option><option value=\"Marshall\">Marshall<\/option><option value=\"Martinique\">Martinique<\/option><option value=\"Maurice\">Maurice<\/option><option value=\"Mauritanie\">Mauritanie<\/option><option value=\"Mayotte\">Mayotte<\/option><option value=\"Mexique\">Mexique<\/option><option value=\"Micronesie\">Micronesie<\/option><option value=\"Midway\">Midway<\/option><option value=\"Moldavie\">Moldavie<\/option><option value=\"Monaco\">Monaco<\/option><option value=\"Mongolie\">Mongolie<\/option><option value=\"Montserrat\">Montserrat<\/option><option value=\"Mozambique\">Mozambique<\/option><option value=\"Namibie\">Namibie<\/option><option value=\"Nauru\">Nauru<\/option><option value=\"N\u00e9pal\">N\u00e9pal<\/option><option value=\"Nicaragua\">Nicaragua<\/option><option value=\"Niger\">Niger<\/option><option value=\"Nigeria\">Nigeria<\/option><option value=\"Niue\">Niue<\/option><option value=\"Norfolk\">Norfolk<\/option><option value=\"Norv\u00e8ge\">Norv\u00e8ge<\/option><option value=\"Nouvelle Cal\u00e9donie\">Nouvelle Cal\u00e9donie<\/option><option value=\"Nouvelle Z\u00e9lande\">Nouvelle Z\u00e9lande<\/option><option value=\"Oman\">Oman<\/option><option value=\"Ouganda\">Ouganda<\/option><option value=\"Ouzbekistan\">Ouzbekistan<\/option><option value=\"Pakistan\">Pakistan<\/option><option value=\"Palau\">Palau<\/option><option value=\"Palestine\">Palestine<\/option><option value=\"Panama\">Panama<\/option><option value=\"Papouasie Nouvelle Guin\u00e9e\">Papouasie Nouvelle Guin\u00e9e<\/option><option value=\"Paraguay\">Paraguay<\/option><option value=\"Pays-Bas\">Pays-Bas<\/option><option value=\"P\u00e9rou\">P\u00e9rou<\/option><option value=\"Philippines\">Philippines<\/option><option value=\"Pologne\">Pologne<\/option><option value=\"Polyn\u00e9sie\">Polyn\u00e9sie<\/option><option value=\"Porto Rico\">Porto Rico<\/option><option value=\"Portugal\">Portugal<\/option><option value=\"Qatar\">Qatar<\/option><option value=\"R\u00e9publique Dominicaine\">R\u00e9publique Dominicaine<\/option><option value=\"R\u00e9publique Tch\u00e8que\">R\u00e9publique Tch\u00e8que<\/option><option value=\"R\u00e9union\">R\u00e9union<\/option><option value=\"Roumanie\">Roumanie<\/option><option value=\"Royaume-Uni\">Royaume-Uni<\/option><option value=\"Russie\">Russie<\/option><option value=\"Rwanda\">Rwanda<\/option><option value=\"Sahara Occidental\">Sahara Occidental<\/option><option value=\"Sainte Lucie\">Sainte Lucie<\/option><option value=\"Saint Marin\">Saint Marin<\/option><option value=\"Salomon\">Salomon<\/option><option value=\"Salvador\">Salvador<\/option><option value=\"Samoa Occidentales\">Samoa Occidentales<\/option><option value=\"Samoa Am\u00e9ricaine\">Samoa Am\u00e9ricaine<\/option><option value=\"Sao Tome et Principe\">Sao Tome et Principe<\/option><option value=\"S\u00e9n\u00e9gal\">S\u00e9n\u00e9gal<\/option><option value=\"Seychelles\">Seychelles<\/option><option value=\"Sierra Leone\">Sierra Leone<\/option><option value=\"Singapour\">Singapour<\/option><option value=\"Slovaquie\">Slovaquie<\/option><option value=\"Slov\u00e9nie\">Slov\u00e9nie<\/option><option value=\"Somalie\">Somalie<\/option><option value=\"Soudan\">Soudan<\/option><option value=\"Sri Lanka\">Sri Lanka<\/option><option value=\"Su\u00e8de\">Su\u00e8de<\/option><option value=\"Suisse\">Suisse<\/option><option value=\"Surinam\">Surinam<\/option><option value=\"Swaziland\">Swaziland<\/option><option value=\"Syrie\">Syrie<\/option><option value=\"Tadjikistan\">Tadjikistan<\/option><option value=\"Taiwan\">Taiwan<\/option><option value=\"Tonga\">Tonga<\/option><option value=\"Tanzanie\">Tanzanie<\/option><option value=\"Tchad\">Tchad<\/option><option value=\"Thailande\">Thailande<\/option><option value=\"Tibet\">Tibet<\/option><option value=\"Timor Oriental\">Timor Oriental<\/option><option value=\"Togo\">Togo<\/option><option value=\"Trinite et Tobago\">Trinite et Tobago<\/option><option value=\"Tristan de Cuncha\">Tristan de Cuncha<\/option><option value=\"Tunisie\">Tunisie<\/option><option value=\"Turmenistan\">Turmenistan<\/option><option value=\"Turquie\">Turquie<\/option><option value=\"Ukraine\">Ukraine<\/option><option value=\"Uruguay\">Uruguay<\/option><option value=\"Vanuatu\">Vanuatu<\/option><option value=\"Vatican\">Vatican<\/option><option value=\"V\u00e9n\u00e9zuela\">V\u00e9n\u00e9zuela<\/option><option value=\"Vierges Americaines\">Vierges Americaines<\/option><option value=\"Vierges Britanniques\">Vierges Britanniques<\/option><option value=\"Vietnam\">Vietnam<\/option><option value=\"Wake\">Wake<\/option><option value=\"Wallis et Futuma\">Wallis et Futuma<\/option><option value=\"Yemen\">Yemen<\/option><option value=\"Yougoslavie\">Yougoslavie<\/option><option value=\"Zambie\">Zambie<\/option><option value=\"Zimbabwe\">Zimbabwe<\/option><\/select><\/span>\n<\/p>\n<p><span class=\"wpcf7-form-control-wrap\" data-name=\"Telephone\"><input size=\"40\" maxlength=\"400\" class=\"wpcf7-form-control wpcf7-text\" aria-invalid=\"false\" placeholder=\"T\u00e9l\u00e9phone\" value=\"\" type=\"text\" name=\"Telephone\" \/><\/span>\n<\/p>\n<p><span class=\"wpcf7-form-control-wrap\" data-name=\"your-email\"><input size=\"40\" maxlength=\"400\" class=\"wpcf7-form-control wpcf7-email wpcf7-validates-as-required wpcf7-text wpcf7-validates-as-email\" aria-required=\"true\" aria-invalid=\"false\" placeholder=\"Email (obligatoire)\" value=\"\" type=\"email\" name=\"your-email\" \/><\/span>\n<\/p>\n<\/div>\n<div class=\"one_half last\">\n<h5>Laissez-nous votre message<br \/>\n<\/h5>\n<p><span class=\"wpcf7-form-control-wrap\" data-name=\"sujet\"><select class=\"wpcf7-form-control wpcf7-select wpcf7-validates-as-required\" aria-required=\"true\" aria-invalid=\"false\" name=\"sujet\"><option value=\"Demande d&#039;offre\">Demande d&#039;offre<\/option><option value=\"Demande d&#039;informations\">Demande d&#039;informations<\/option><\/select><\/span><br \/>\n<span class=\"wpcf7-form-control-wrap\" data-name=\"your-message\"><textarea cols=\"40\" rows=\"10\" maxlength=\"2000\" class=\"wpcf7-form-control wpcf7-textarea\" aria-invalid=\"false\" placeholder=\"Votre message...\" name=\"your-message\"><\/textarea><\/span>\n<\/p>\n<p><input class=\"wpcf7-form-control wpcf7-submit has-spinner\" type=\"submit\" value=\"ENVOYER\" \/>\n<\/p>\n<\/div>\n<p style=\"display: none !important;\" class=\"akismet-fields-container\" data-prefix=\"_wpcf7_ak_\"><label>&#916;<textarea name=\"_wpcf7_ak_hp_textarea\" cols=\"45\" rows=\"8\" maxlength=\"100\"><\/textarea><\/label><input type=\"hidden\" id=\"ak_js_1\" name=\"_wpcf7_ak_js\" value=\"118\"\/><script>document.getElementById( \"ak_js_1\" ).setAttribute( \"value\", ( new Date() ).getTime() );<\/script>\n<div class=\"wpcf7-response-output\" aria-hidden=\"true\"><\/div>\n<\/form>\n<\/div>\n","protected":false},"excerpt":{"rendered":"","protected":false},"author":1,"featured_media":0,"parent":0,"menu_order":0,"comment_status":"open","ping_status":"open","template":"page.php","meta":{"footnotes":""},"class_list":["post-20","page","type-page","status-publish","hentry"],"_links":{"self":[{"href":"https:\/\/www.diafin.ch\/site\/wp-json\/wp\/v2\/pages\/20","targetHints":{"allow":["GET"]}}],"collection":[{"href":"https:\/\/www.diafin.ch\/site\/wp-json\/wp\/v2\/pages"}],"about":[{"href":"https:\/\/www.diafin.ch\/site\/wp-json\/wp\/v2\/types\/page"}],"author":[{"embeddable":true,"href":"https:\/\/www.diafin.ch\/site\/wp-json\/wp\/v2\/users\/1"}],"replies":[{"embeddable":true,"href":"https:\/\/www.diafin.ch\/site\/wp-json\/wp\/v2\/comments?post=20"}],"version-history":[{"count":82,"href":"https:\/\/www.diafin.ch\/site\/wp-json\/wp\/v2\/pages\/20\/revisions"}],"predecessor-version":[{"id":712,"href":"https:\/\/www.diafin.ch\/site\/wp-json\/wp\/v2\/pages\/20\/revisions\/712"}],"wp:attachment":[{"href":"https:\/\/www.diafin.ch\/site\/wp-json\/wp\/v2\/media?parent=20"}],"curies":[{"name":"wp","href":"https:\/\/api.w.org\/{rel}","templated":true}]}}