{"id":47,"date":"2012-11-02T15:05:52","date_gmt":"2012-11-02T14:05:52","guid":{"rendered":"http:\/\/www.diafin.ch\/site\/?page_id=47"},"modified":"2017-05-29T12:12:23","modified_gmt":"2017-05-29T11:12:23","slug":"les_pierres","status":"publish","type":"page","link":"https:\/\/www.diafin.ch\/site\/les_pierres\/","title":{"rendered":"Les Pierres"},"content":{"rendered":"<div id=\"metaslider-id-668\" style=\"max-width: 2048px;\" class=\"ml-slider-3-107-0 metaslider metaslider-flex metaslider-668 ml-slider ms-theme-default nav-hidden\" role=\"region\" aria-label=\"Nouveau diaporama\" data-height=\"720\" data-width=\"2048\">\n<div id=\"metaslider_container_668\">\n<div id=\"metaslider_668\" class=\"flexslider\">\n<ul class='slides'>\n<li style=\"display: block; width: 100%;\" class=\"slide-673 ms-image \" aria-roledescription=\"slide\" data-date=\"2017-05-29 10:37:44\" data-filename=\"41-1483x521.jpg\" data-slide-type=\"image\"><img loading=\"lazy\" decoding=\"async\" src=\"https:\/\/www.diafin.ch\/site\/wp-content\/uploads\/2012\/11\/41-1483x521.jpg\" height=\"720\" width=\"2048\" alt=\"\" class=\"slider-668 slide-673 msDefaultImage\" \/><\/li>\n<li style=\"display: none; width: 100%;\" class=\"slide-671 ms-image \" aria-roledescription=\"slide\" data-date=\"2017-05-29 10:36:59\" data-filename=\"1-1488x523.jpg\" data-slide-type=\"image\"><img loading=\"lazy\" decoding=\"async\" src=\"https:\/\/www.diafin.ch\/site\/wp-content\/uploads\/2012\/11\/1-1488x523.jpg\" height=\"720\" width=\"2048\" alt=\"\" class=\"slider-668 slide-671 msDefaultImage\" \/><\/li>\n<li style=\"display: none; width: 100%;\" class=\"slide-672 ms-image \" aria-roledescription=\"slide\" data-date=\"2017-05-29 10:37:00\" data-filename=\"2-1487x522.jpg\" data-slide-type=\"image\"><img loading=\"lazy\" decoding=\"async\" src=\"https:\/\/www.diafin.ch\/site\/wp-content\/uploads\/2012\/11\/2-1487x522.jpg\" height=\"720\" width=\"2048\" alt=\"\" class=\"slider-668 slide-672 msDefaultImage\" \/><\/li>\n<\/ul><\/div>\n<\/p><\/div>\n<\/div>\n<div class=\"one_third\">\n<div class=\"info_box info_box2 rounded\">\n<div class=\"content_box\">\n<p><span class=\"dropcap1\">D<\/span>iafin ne travaille qu\u2019avec des pierres naturelles, seules capables \u00e0 notre sens d\u2019incarner la symbolique du diamant\u00a0: force, \u00e9ternit\u00e9, puret\u00e9\u00a0; et de transmettre l\u2019\u00e9motion qui lui est li\u00e9e. Car elle provient des entrailles de la terre, d\u2019un travail patiemment accompli par la nature. Seul ce temps donne au diamant sa solidit\u00e9 l\u00e9gendaire, l\u2019endroit o\u00f9 il s\u2019est form\u00e9 lui transmet son degr\u00e9 de puret\u00e9. Ainsi d\u00e9couvrir un diamant brut rec\u00e8le bien des surprises, li\u00e9es au c\u00f4t\u00e9 al\u00e9atoire de sa conception naturelle.<br \/>\nLes pierres sont ensuite confi\u00e9es au talent des tailleurs qui sauront magnifier sa brillance en multiples facettes.<br \/>\nLa beaut\u00e9 des diamants naturels n\u2019a pas d\u2019\u00e9gal dans les produits de synth\u00e8se. Elle donnera au produit fini son myst\u00e8re et pourra alors incarner l\u2019\u00e9motion de celui qui l\u2019offre comme de celui qui le re\u00e7oit.<br \/>\nNous vendons des pierres d\u2019origines diverses achet\u00e9es avec soin et certifi\u00e9es <a href=\"http:\/\/www.kimberleyprocess.com\/\" target=\"_blank\" rel=\"noopener noreferrer\">par la charte de Kimberley<\/a>, et notre entreprise contr\u00f4le avec attention leur puret\u00e9 et leur provenance. Ronds, en baguettes, trap\u00e8zes ou princesses, nous trouverons ensemble le diamant dont vous avez besoin, celui qui rendra votre produit inoubliable.\n<\/p>\n<\/div>\n<\/div>\n<\/div>\n<div class=\"two_third last\">\n<h1>Taille et puret\u00e9\u00a0: l\u2019offre de Diafin est vaste<\/h1>\n<hr class=\"divider-dotted\" \/>\n<h2>Diamants ronds en taille \u00abFull cut\u00bb ou \u00abbrillant\u00bb<\/h2>\n<p><img decoding=\"async\" src=\"https:\/\/www.diafin.ch\/site\/wp-content\/themes\/natural\/lib\/timthumb.php?src=https:\/\/www.diafin.ch\/site\/wp-content\/uploads\/2012\/11\/diamant.png&amp;w=170&amp;h=0&amp;zc=1\" alt=\"\" class=\"img alignright img_tiny\" \/>Taille standard du diamant facett\u00e9 (57 facettes).<br \/>\nCette taille est la plus couramment utilis\u00e9e sur les montres et en joaillerie\u00a0: lunette et bracelet de montre, divers bijoux.<\/p>\n<hr class=\"divider-dotted\" \/>\n<h2>Diamants ronds en taille \u00ab8\/8\u00bb<\/h2>\n<p>Taille en 8 facettes dessus et dessous.<br \/>\nElle est principalement utilis\u00e9e pour les cadrans de montre.<\/p>\n<hr class=\"divider-dotted\" \/>\n<h2>Diamants de forme \u00abbaguette, trap\u00e8ze, princesse\u00bb<\/h2>\n<p><img decoding=\"async\" src=\"https:\/\/www.diafin.ch\/site\/wp-content\/themes\/natural\/lib\/timthumb.php?src=https:\/\/www.diafin.ch\/site\/wp-content\/uploads\/2012\/12\/3diams.png&amp;w=436&amp;h=172&amp;zc=1\" alt=\"\" class=\"img alignright\" \/><br \/>\nOn utilise beaucoup de diamants de forme pour les pi\u00e8ces de tr\u00e8s haut de gamme, sertis sur lunettes, bo\u00eetes ou bracelets de montre.\u2028 Les couronnes sont parfois serties de diamants \u00ab\u00a0briolettes\u00a0\u00bb ou ronds. C\u2019est en g\u00e9n\u00e9ral le cas en joaillerie.<\/p>\n<hr class=\"divider-dotted\" \/>\n<h2>Diamants ronds ou de taille fantaisie avec certificats HRD ou GIA<\/h2>\n<p>Ces pierres, classiques ou fantaisie, sont <a title=\"Ethique\" href=\"https:\/\/www.diafin.ch\/site\/ethique\/\">certifi\u00e9es<\/a> par des laboratoires de gemmologie, dont la fiabilit\u00e9 est reconnue par l\u2019ensemble de la profession.<\/p>\n<p><img decoding=\"async\" src=\"https:\/\/www.diafin.ch\/site\/wp-content\/themes\/natural\/lib\/timthumb.php?src=https:\/\/www.diafin.ch\/site\/wp-content\/uploads\/2012\/12\/logo_hrd.png&amp;w=99&amp;h=122&amp;zc=1\" alt=\"\" class=\"img alignleft\" \/><span class=\"highlight2\">HRD:<\/span> certificat d\u00e9livr\u00e9 par un d\u00e9partement du Conseil sup\u00e9rieur du diamant <a href=\"http:\/\/www.hrd.be\/en\/home.aspx\" target=\"_blank\" rel=\"noopener noreferrer\">\u00ab Hoge Raad\u00a0voor Diamant \u00bb<\/a>. Cette organisation de coordination est au service du commerce de l&rsquo;industrie du\u00a0diamant\u00a0en Belgique, elle en est le porte-parole.<\/p>\n<p><img decoding=\"async\" src=\"https:\/\/www.diafin.ch\/site\/wp-content\/themes\/natural\/lib\/timthumb.php?src=https:\/\/www.diafin.ch\/site\/wp-content\/uploads\/2012\/12\/logo_gia.png&amp;w=132&amp;h=122&amp;zc=1\" alt=\"\" class=\"img alignright\" \/><span class=\"highlight2\">GIA:<\/span> pr\u00e9sent aux Etats-Unis, Inde, Afrique du Sud, Botswana, Tha\u00eflande. Ce laboratoire tr\u00e8s r\u00e9put\u00e9 est g\u00e9r\u00e9 sous la forme d\u2019une association \u00e0 but non lucratif.<\/p>\n<p>Ces certificats donnent une plus-value \u00e0 la pierre, en particulier pour les gros diamants.\u00a0Avant un demi carat, le certificat n&rsquo;est pas n\u00e9cessaire\u00a0: il co\u00fbte trop cher pour aucune valeur ajout\u00e9e.<\/p>\n<hr class=\"divider-dotted\" \/>\n<h2>Diamants de couleurs \u00abfancy colors\u00bb<\/h2>\n<p>Fancy, ajout\u00e9 au nom de la couleur, est le terme d\u00e9signant le diamant de couleur d&rsquo;origine naturelle.<br \/>\nLes roses, les bleus, les jaunes sont des pierres rares. Comme pour les diamants incolores, il est utile de les certifier, lorsque leur valeur est importante.<\/p>\n<hr class=\"divider-dotted\" \/>\n<\/div>\n<br class=\"clear\" \/>\n","protected":false},"excerpt":{"rendered":"","protected":false},"author":1,"featured_media":0,"parent":0,"menu_order":0,"comment_status":"open","ping_status":"open","template":"page.php","meta":{"footnotes":""},"class_list":["post-47","page","type-page","status-publish","hentry"],"_links":{"self":[{"href":"https:\/\/www.diafin.ch\/site\/wp-json\/wp\/v2\/pages\/47","targetHints":{"allow":["GET"]}}],"collection":[{"href":"https:\/\/www.diafin.ch\/site\/wp-json\/wp\/v2\/pages"}],"about":[{"href":"https:\/\/www.diafin.ch\/site\/wp-json\/wp\/v2\/types\/page"}],"author":[{"embeddable":true,"href":"https:\/\/www.diafin.ch\/site\/wp-json\/wp\/v2\/users\/1"}],"replies":[{"embeddable":true,"href":"https:\/\/www.diafin.ch\/site\/wp-json\/wp\/v2\/comments?post=47"}],"version-history":[{"count":61,"href":"https:\/\/www.diafin.ch\/site\/wp-json\/wp\/v2\/pages\/47\/revisions"}],"predecessor-version":[{"id":676,"href":"https:\/\/www.diafin.ch\/site\/wp-json\/wp\/v2\/pages\/47\/revisions\/676"}],"wp:attachment":[{"href":"https:\/\/www.diafin.ch\/site\/wp-json\/wp\/v2\/media?parent=47"}],"curies":[{"name":"wp","href":"https:\/\/api.w.org\/{rel}","templated":true}]}}