{"id":715,"date":"2026-03-23T18:42:40","date_gmt":"2026-03-23T17:42:40","guid":{"rendered":"http:\/\/www.diafin.ch\/site\/?page_id=715"},"modified":"2026-03-23T18:42:40","modified_gmt":"2026-03-23T17:42:40","slug":"engagements","status":"publish","type":"page","link":"https:\/\/www.diafin.ch\/site\/engagements\/","title":{"rendered":"Engagements"},"content":{"rendered":"<p>Diafin SA est membre du Responsible Jewellery Council (RJC) depuis 2018.<br \/>Cette organisation permet de promouvoir et certifier au niveau mondial les pratiques responsables, \u00e9thiques et environnementales de notre entreprise sur l&rsquo;ensemble de sa chaine d&rsquo;approvisionnement.<\/p>\n<p>Si vous souhaitez en savoir plus sur nos performances en mati\u00e8re de d\u00e9veloppement durable, sur les diff\u00e9rentes politiques selon lesquelles notre entreprise a \u00e9t\u00e9 audit\u00e9e de mani\u00e8re ind\u00e9pendante ou si vous avez des r\u00e9clamations \u00e0 nous adresser, veuillez nous envoyer un courriel \u00e0 info @ diafin.ch<\/p>\n<h3 class=\"wp-block-heading\">Documents et rapports<\/h3>\n<p>Conform\u00e9ment aux normes RJC en mati\u00e8re de rapport et de divulgation, les documents suivants sont mis \u00e0 la disposition du public:<\/p>\n<p><a href=\"https:\/\/www.diafin.ch\/site\/wp-content\/uploads\/2026\/03\/Politique-RJC-et-engagement.pdf\">Politique RJC et engagement<\/a><br \/><a href=\"https:\/\/www.diafin.ch\/site\/wp-content\/uploads\/2026\/03\/Politique-des-droits-de-lHomme.pdf\">Politique relative aux droits de l&rsquo;Homme<\/a><br \/><a href=\"https:\/\/www.diafin.ch\/site\/wp-content\/uploads\/2026\/03\/Politique-cha\u00eene-approvisionnement.pdf\">Politique relative \u00e0 la cha\u00eene d&rsquo;approvisionnement<\/a><br \/><a href=\"https:\/\/www.diafin.ch\/site\/wp-content\/uploads\/2026\/03\/Rapport-annuel.pdf\">Rapport annuel d&rsquo;activit\u00e9<\/a><\/p>\n","protected":false},"excerpt":{"rendered":"<p>Diafin SA est membre du Responsible Jewellery Council (RJC) depuis 2018.Cette organisation permet de promouvoir et certifier au niveau mondial les pratiques responsables, \u00e9thiques et environnementales de notre entreprise sur l&rsquo;ensemble de sa chaine d&rsquo;approvisionnement. Si vous souhaitez en savoir plus sur nos performances en mati\u00e8re de d\u00e9veloppement durable, sur les diff\u00e9rentes politiques selon lesquelles notre entreprise a \u00e9t\u00e9 audit\u00e9e de mani\u00e8re ind\u00e9pendante ou si vous avez des r\u00e9clamations \u00e0 nous adresser, veuillez nous envoyer un courriel \u00e0 info @ diafin.ch Documents et rapports Conform\u00e9ment aux normes RJC en mati\u00e8re de rapport et de divulgation, les documents suivants sont mis \u00e0 la disposition du public: Politique RJC et engagementPolitique relative aux droits de l&rsquo;HommePolitique relative \u00e0 la cha\u00eene d&rsquo;approvisionnementRapport annuel d&rsquo;activit\u00e9<\/p>\n","protected":false},"author":1,"featured_media":0,"parent":0,"menu_order":0,"comment_status":"closed","ping_status":"closed","template":"","meta":{"footnotes":""},"class_list":["post-715","page","type-page","status-publish","hentry"],"_links":{"self":[{"href":"https:\/\/www.diafin.ch\/site\/wp-json\/wp\/v2\/pages\/715","targetHints":{"allow":["GET"]}}],"collection":[{"href":"https:\/\/www.diafin.ch\/site\/wp-json\/wp\/v2\/pages"}],"about":[{"href":"https:\/\/www.diafin.ch\/site\/wp-json\/wp\/v2\/types\/page"}],"author":[{"embeddable":true,"href":"https:\/\/www.diafin.ch\/site\/wp-json\/wp\/v2\/users\/1"}],"replies":[{"embeddable":true,"href":"https:\/\/www.diafin.ch\/site\/wp-json\/wp\/v2\/comments?post=715"}],"version-history":[{"count":3,"href":"https:\/\/www.diafin.ch\/site\/wp-json\/wp\/v2\/pages\/715\/revisions"}],"predecessor-version":[{"id":722,"href":"https:\/\/www.diafin.ch\/site\/wp-json\/wp\/v2\/pages\/715\/revisions\/722"}],"wp:attachment":[{"href":"https:\/\/www.diafin.ch\/site\/wp-json\/wp\/v2\/media?parent=715"}],"curies":[{"name":"wp","href":"https:\/\/api.w.org\/{rel}","templated":true}]}}