{"id":9,"date":"2012-11-02T11:03:35","date_gmt":"2012-11-02T10:03:35","guid":{"rendered":"http:\/\/www.diafin.ch\/site\/?page_id=9"},"modified":"2013-08-14T13:38:32","modified_gmt":"2013-08-14T12:38:32","slug":"la-societe","status":"publish","type":"page","link":"https:\/\/www.diafin.ch\/site\/la-societe\/","title":{"rendered":"La Soci\u00e9t\u00e9"},"content":{"rendered":"<div class=\"one_half\">\n<h1>Privil\u00e9gier le contact humain<\/h1>\n<p><span class=\"dropcap1\">D<\/span>epuis ses origines, Diafin a toujours voulu garder sa taille humaine \u00e0 l\u2019entreprise. Elle est le garant de la confiance, une valeur qui, dans le domaine des pierres, prime sur toute autre consid\u00e9ration. <\/p>\n<p>En effet, aujourd\u2019hui encore, le monde des pierres pr\u00e9cieuses et particuli\u00e8rement celui du diamant, est un domaine de passion et d\u2019\u00e9motion\u00a0; celui d\u2019un autre temps, comme si les ann\u00e9es s\u2019y \u00e9tiraient au ralenti. Les \u00e9changes y sont bas\u00e9s sur la connaissance des pierres et l\u2019exp\u00e9rience professionnelle.\n<\/p><\/div>\n<div class=\"one_half last\">\nTous les membres de l\u2019\u00e9quipe Diafin appartiennent \u00e0 cette famille des amoureux de la pierre. Ils ont donc \u00e0 c\u0153ur de traduire avant tout des ressentis, afin que chaque client puisse raconter une histoire \u00e0 travers son produit, et que chaque acqu\u00e9reur partage cette \u00e9motion en le portant. Un but qui ne peut \u00eatre atteint que dans un conseil personnalis\u00e9, offrant la possibilit\u00e9 de suivre chaque pi\u00e8ce de mani\u00e8re individuelle. <\/p>\n<p><img decoding=\"async\" src=\"https:\/\/www.diafin.ch\/site\/wp-content\/themes\/natural\/lib\/timthumb.php?src=https:\/\/www.diafin.ch\/site\/wp-content\/uploads\/2012\/11\/mini_diamant1.png&amp;w=180&amp;h=118&amp;zc=1\" alt=\"\" class=\"img aligncenter\" \/>\n<\/div>\n<br class=\"clear\" \/>\n","protected":false},"excerpt":{"rendered":"","protected":false},"author":1,"featured_media":0,"parent":0,"menu_order":0,"comment_status":"open","ping_status":"open","template":"page.php","meta":{"footnotes":""},"class_list":["post-9","page","type-page","status-publish","hentry"],"_links":{"self":[{"href":"https:\/\/www.diafin.ch\/site\/wp-json\/wp\/v2\/pages\/9","targetHints":{"allow":["GET"]}}],"collection":[{"href":"https:\/\/www.diafin.ch\/site\/wp-json\/wp\/v2\/pages"}],"about":[{"href":"https:\/\/www.diafin.ch\/site\/wp-json\/wp\/v2\/types\/page"}],"author":[{"embeddable":true,"href":"https:\/\/www.diafin.ch\/site\/wp-json\/wp\/v2\/users\/1"}],"replies":[{"embeddable":true,"href":"https:\/\/www.diafin.ch\/site\/wp-json\/wp\/v2\/comments?post=9"}],"version-history":[{"count":43,"href":"https:\/\/www.diafin.ch\/site\/wp-json\/wp\/v2\/pages\/9\/revisions"}],"predecessor-version":[{"id":63,"href":"https:\/\/www.diafin.ch\/site\/wp-json\/wp\/v2\/pages\/9\/revisions\/63"}],"wp:attachment":[{"href":"https:\/\/www.diafin.ch\/site\/wp-json\/wp\/v2\/media?parent=9"}],"curies":[{"name":"wp","href":"https:\/\/api.w.org\/{rel}","templated":true}]}}